{"id":3,"date":"2019-07-22T15:54:34","date_gmt":"2019-07-22T18:54:34","guid":{"rendered":"http:\/\/alssub3.constance.shared.1984.is\/?page_id=3"},"modified":"2020-05-21T14:49:50","modified_gmt":"2020-05-21T17:49:50","slug":"politica-de-privacidad","status":"publish","type":"page","link":"https:\/\/blog.fischer.uy\/?page_id=3","title":{"rendered":"Pol\u00edtica de Privacidad"},"content":{"rendered":"<h5><b>T\u00c9RMINOS Y CONDICIONES DEL SITIO WEB <\/b><a href=\"http:\/\/www.fischer.com.uy\"><b>WWW.FISCHER.COM.UY<\/b><\/a><b>, DEL BLOG <\/b><b>BLOG.FISCHER.UY<\/b><b>, DE LAS COMUNICACIONES ELECTR\u00d3NICAS CON FISCHER ABOGADOS, POL\u00cdTICA DE PRIVACIDAD Y PROTECCI\u00d3N DE DATOS Y POL\u00cdTICA DE COOKIES.<\/b><\/h5>\n<p><b>Este documento establece los T\u00e9rminos y Condiciones del sitio web <\/b><a href=\"http:\/\/www.fischer.com.uy\"><b>www.fischer.com.uy<\/b><\/a><b>, del blog <\/b><b>blog.fischer.uy<\/b><b>, de las comunicaciones electr\u00f3nicas con FISCHER Abogados (en adelante tambi\u00e9n el sitio web y las aplicaciones), la Pol\u00edtica de Privacidad y Protecci\u00f3n de Datos, y la Pol\u00edtica de Cookies.<\/b><\/p>\n<p>&nbsp;<\/p>\n<h2><b>T\u00c9RMINOS Y CONDICIONES DEL SITIO WEB Y EL BLOG.FISCHER.UY<\/b><\/h2>\n<p><span style=\"font-weight: 400;\">FISCHER Abogados (Gustavo Fischer y Mar\u00eda de las Mercedes Castells), en adelante FISCHER Abogados es una firma legal de Uruguay, l\u00edder en Propiedad Intelectual (PI), Derecho de Tecnolog\u00eda e Innovaci\u00f3n, Audiovisual, Derechos de Autor y Entretenimiento, Privacidad y Protecci\u00f3n de Datos, Litigios y Resoluci\u00f3n de Conflictos, Derecho Regulatorio y Administrativo, Contratos y Transacciones.<\/span><\/p>\n<p>&nbsp;<\/p>\n<h4><span style=\"font-weight: 400;\">1.1 Contenido del Sitio, del Blog blog.fischer.uy o comunicaciones con nosotros:<\/span><\/h4>\n<p><span style=\"font-weight: 400;\">Les informamos que el sitio web www.fischer.com.uy y blog.fischer.uy proporcionan informaci\u00f3n acerca de la firma, sus integrantes, las \u00e1reas de pr\u00e1ctica, y brinda asimismo informaci\u00f3n general de inter\u00e9s sobre los distintos temas que constituyen su pr\u00e1ctica profesional.<\/span><\/p>\n<p><span style=\"font-weight: 400;\">Previo al ingreso al sitio web de FISCHER Abogados o a comunicarse electr\u00f3nicamente con FISCHER Abogados o ingresar a blog.fischer.uy, Ud. debe leer atentamente este documento, y si no est\u00e1 de acuerdo con el mismo,\u00a0 debe abstenerse de utilizarlos o de realizar comunicaciones electr\u00f3nicas con nosotros.\u00a0<\/span><\/p>\n<p>&nbsp;<\/p>\n<h4><span style=\"font-weight: 400;\">1.2 Ingreso y navegaci\u00f3n en el Sitio, en blog.fischer.uy o comunicaci\u00f3n electr\u00f3nica con nosotros:<\/span><\/h4>\n<p><span style=\"font-weight: 400;\">El hecho de ingresar al sitio y navegar en \u00e9l, o de comunicarse electr\u00f3nicamente con FISCHER Abogados configura vuestra calidad de Usuario, y se considerar\u00e1 aceptaci\u00f3n de este documento.<\/span><\/p>\n<p><span style=\"font-weight: 400;\">El material contenido en el sitio web <\/span><a href=\"http:\/\/www.fischer.com.uy\"><span style=\"font-weight: 400;\">www.fischer.com.uy<\/span><\/a><span style=\"font-weight: 400;\"> y en <\/span><span style=\"font-weight: 400;\">blog.fischer.uy<\/span><span style=\"font-weight: 400;\"> tiene la finalidad de brindar informaci\u00f3n de car\u00e1cter general y no constituye ni puede entenderse como ni tiene el prop\u00f3sito de brindar asesoramiento legal. No sustituye la necesidad de asesoramiento legal para un asunto espec\u00edfico.\u00a0 Por lo tanto ante cualquier asunto, cuesti\u00f3n legal o conflicto, Uds. debe consultar a su abogado o asesor legal.\u00a0<\/span><\/p>\n<p>&nbsp;<\/p>\n<h4><span style=\"font-weight: 400;\">1.3 Exenci\u00f3n de Responsabilidad<\/span><\/h4>\n<p><span style=\"font-weight: 400;\">Nosotros tomamos todas las medidas razonables para garantizar el correcto funcionamiento del sitio web y las aplicaciones en materia de seguridad inform\u00e1tica y para evitar la presencia de virus u otro tipo de software malicioso que pueda afectar los equipos de los usuarios. No obstante lo anterior, FISCHER Abogados no garantiza que no puedan existir tales virus u otro tipo de software malicioso, y no se hace responsable de los da\u00f1os que pueda causar la presencia de virus o software malicioso que pueda afectar tanto a los usuarios como a terceros.<\/span><\/p>\n<p><span style=\"font-weight: 400;\">Sin perjuicio y adicionalmente a lo anterior, FISCHER Abogados no se hace responsable\u00a0 por ning\u00fan da\u00f1o directo, indirecto, consecuencial o de cualquier otra naturaleza, por la utilizaci\u00f3n que puedan hacer los usuarios del sitio web y de las aplicaciones, siendo la misma por su exclusiva cuenta y riesgo.<\/span><\/p>\n<p><span style=\"font-weight: 400;\">Tampoco garantizamos la disponibilidad del sitio web y las aplicaciones en todo momento.<\/span><\/p>\n<p>&nbsp;<\/p>\n<h4><span style=\"font-weight: 400;\">1.4 Propiedad Intelectual<\/span><\/h4>\n<p><span style=\"font-weight: 400;\">FISCHER Abogados es el \u00fanico propietario de los contenidos del sitio web <\/span><a href=\"http:\/\/www.fischer.com.uy\"><span style=\"font-weight: 400;\">www.fischer.com.uy<\/span><\/a><span style=\"font-weight: 400;\"> y <\/span><span style=\"font-weight: 400;\">blog.fischer.uy<\/span><span style=\"font-weight: 400;\"> y es el titular de todos los derechos de Propiedad Intelectual e Industrial (a t\u00edtulo enunciativo y no limitativo, signos distintivos, derechos de autor, trade dress, know how, y otros que pudieran existir). Todos los derechos se encuentran reservados a FISCHER Abogados y no est\u00e1 permitida su enajenaci\u00f3n, reproducci\u00f3n, distribuci\u00f3n, publicaci\u00f3n, traducci\u00f3n, adaptaci\u00f3n, transformaci\u00f3n, comunicaci\u00f3n o puesta a disposici\u00f3n del p\u00fablico en cualquier forma o procedimiento sin el previo consentimiento por escrito de FISCHER Abogados.<\/span><\/p>\n<p>&nbsp;<\/p>\n<h2><b>POLITICA DE PRIVACIDAD Y PROTECCI\u00d3N DE DATOS<\/b><\/h2>\n<p><span style=\"font-weight: 400;\">Este documento contiene la Pol\u00edtica de Privacidad y Protecci\u00f3n de Datos Personales de FISCHER Abogados (Gustavo Fischer y Mar\u00eda de las Mercedes Castells).\u00a0<\/span><\/p>\n<p><span style=\"font-weight: 400;\">En el ejercicio de nuestra actividad profesional recabamos datos personales y en cumplimiento de lo establecido en la Ley de Protecci\u00f3n de Datos Personales N\u00b0 18.331, en su decreto reglamentario N\u00ba 414\/009,y en el Reglamento (UE) 2016\/679 del Parlamento Europeo y del Consejo, de 27 de abril de 2016, los datos que nos hayan sido proporcionados son tratados de acuerdo a dichas normas e incorporados a las bases de datos de FISCHER Abogados. Dichas bases de datos cumplen con la normativa vigente y se encuentran debidamente registradas ante la URCDP.<\/span><\/p>\n<p>&nbsp;<\/p>\n<h4><span style=\"font-weight: 400;\">2.1 Consentimiento para el tratamiento de Datos Personales<\/span><\/h4>\n<p><span style=\"font-weight: 400;\">Previo al ingreso al sitio web de FISCHER Abogados, en el Blog o a comunicarse electr\u00f3nicamente con FISCHER Abogados Ud. debe leer atentamente la Pol\u00edtica de Privacidad y Protecci\u00f3n de Datos de FISCHER Abogados.\u00a0<\/span><\/p>\n<p><span style=\"font-weight: 400;\">El hecho de ingresar al sitio y navegar en \u00e9l, o de comunicarse electr\u00f3nicamente con nosotros configura vuestra calidad de Usuario o titular de datos, y se considerar\u00e1 aceptaci\u00f3n de las Pol\u00edticas de Privacidad y Protecci\u00f3n de Datos. En caso de no estar de acuerdo debe abstenerse de utilizar el referido sitio o de comunicarse electr\u00f3nicamente con FISCHER Abogados.\u00a0<\/span><\/p>\n<p><span style=\"font-weight: 400;\">No es necesario el consentimiento del titular de los datos cuando \u00e9stos deriven de una relaci\u00f3n contractual, cient\u00edfica o profesional del titular de los datos y sean necesarios para su desarrollo o cumplimiento.\u00a0<\/span><\/p>\n<p>&nbsp;<\/p>\n<h4><span style=\"font-weight: 400;\">2.2 Finalidad de la recolecci\u00f3n de datos<\/span><\/h4>\n<p><span style=\"font-weight: 400;\">Los datos se recolectan con el fin de prestar nuestra actividad profesional de servicios legales, incluyendo\u00a0 brindar asesoramiento profesional, el ofrecimiento, la gesti\u00f3n, administraci\u00f3n, informaci\u00f3n, y prestaci\u00f3n de los servicios profesionales que forman parte de nuestra pr\u00e1ctica profesional.<\/span><\/p>\n<p><span style=\"font-weight: 400;\">Tambi\u00e9n brindamos informaci\u00f3n general por cualquier medio incluyendo el env\u00edo de alertas, boletines y newsletters por medios digitales. Por lo tanto, los datos personales recabamos ser\u00e1n los necesarios para el cumplimiento de los objetivos antes expresados.\u00a0<\/span><\/p>\n<p>&nbsp;<\/p>\n<h4><span style=\"font-weight: 400;\">2.3 Tipo de datos recabados<\/span><\/h4>\n<p><span style=\"font-weight: 400;\">Recabamos informaci\u00f3n de contacto como nombre, documento de identificaci\u00f3n, direcci\u00f3n, pa\u00eds de residencia, mail, tel\u00e9fono y todo otro dato que sea necesario cumplir la finalidad que se trate seg\u00fan el caso.<\/span><\/p>\n<p>&nbsp;<\/p>\n<h4><span style=\"font-weight: 400;\">2.4 Legitimaci\u00f3n para el tratamiento de los datos personales<\/span><\/h4>\n<p><span style=\"font-weight: 400;\">El tratamiento de sus datos personales que realizamos est\u00e1 legitimado por el cumplimiento de los fines especificados en el numeral 2.2.<\/span><\/p>\n<p>&nbsp;<\/p>\n<h4><span style=\"font-weight: 400;\">2.5 Medidas de seguridad<\/span><\/h4>\n<p><span style=\"font-weight: 400;\">En nuestro car\u00e1cter de responsables de los datos personales que recogemos adoptamos las medidas de seguridad necesarias para garantizar la seguridad y confidencialidad de dicha informaci\u00f3n, y evitar su adulteraci\u00f3n, p\u00e9rdida, consulta o tratamiento no autorizado.\u00a0<\/span><\/p>\n<p>&nbsp;<\/p>\n<h4><span style=\"font-weight: 400;\">2.6 Reserva y comunicaci\u00f3n de datos personales\u00a0<\/span><\/h4>\n<p><span style=\"font-weight: 400;\">Los datos personales recabados ser\u00e1n tratados en forma reservada y\u00a0 no ser\u00e1n comunicados a ning\u00fan tercero ajeno a FISCHER Abogados, ni se realizar\u00e1 transferencia internacional de datos salvo obligaci\u00f3n legal o a requerimiento del cliente.\u00a0<\/span><\/p>\n<p><span style=\"font-weight: 400;\">El titular de los datos se compromete a que los datos que proporcione sean veraces y a mantenerlos actualizados comunicando cualquier cambio a FISCHER Abogados.<\/span><\/p>\n<p>&nbsp;<\/p>\n<h4><span style=\"font-weight: 400;\">2.7 Conservaci\u00f3n y actualizaci\u00f3n<\/span><\/h4>\n<p><span style=\"font-weight: 400;\">Los datos personales ser\u00e1n conservados por nosotros mientras se mantenga la relaci\u00f3n profesional o no se solicite por su titular su supresi\u00f3n, y durante el plazo por el cual pudieran derivarse responsabilidades legales por los servicios prestados.<\/span><\/p>\n<p><span style=\"font-weight: 400;\">El titular de los datos se compromete a que los datos facilitados por \u00e9l son ciertos y correctos, y se compromete a mantenerlos actualizados, comunicando los cambios a FISCHER Abogados.<\/span><\/p>\n<p>&nbsp;<\/p>\n<h4><span style=\"font-weight: 400;\">2.8 Ejercicio de los derechos<\/span><\/h4>\n<p><b>El titular de los datos puede ejercer los derechos de rectificaci\u00f3n, actualizaci\u00f3n, inclusi\u00f3n y supresi\u00f3n mediante comunicaci\u00f3n a FISCHER Abogados a la direcci\u00f3n de correo:\u00a0<\/b><\/p>\n<p><b>privacy@fischer.com.uy<\/b><\/p>\n<p><span style=\"font-weight: 400;\">Deber\u00e1 acreditar su identificaci\u00f3n con el documento de identidad o poder respectivo y podr\u00e1 solicitar el acceso a la informaci\u00f3n que se halle en las bases de datos de FISCHER Abogados. Este derecho de acceso podr\u00e1 ser ejercido en forma gratuita a intervalos de seis meses. Asimismo se podr\u00e1 solicitar la rectificaci\u00f3n, actualizaci\u00f3n, inclusi\u00f3n o supresi\u00f3n de los datos personales incluidos en las bases de datos de FISCHER Abogados, al constatarse error, falsedad o exclusi\u00f3n en la informaci\u00f3n del titular.<\/span><\/p>\n<p>&nbsp;<\/p>\n<h2><b>POL\u00cdTICA DE COOKIES<\/b><\/h2>\n<p><span style=\"font-weight: 400;\">FISCHER Abogados utiliza cookies en su sitio web y blog para facilitar la relaci\u00f3n de los visitantes con el sitio y obtener informaci\u00f3n con fines estad\u00edsticos.\u00a0<\/span><\/p>\n<h4>\u00a0<\/h4>\n<h4><span style=\"font-weight: 400;\">\u00bfQu\u00e9 son las cookies?<\/span><\/h4>\n<p><span style=\"font-weight: 400;\">Las cookies son peque\u00f1os archivos de texto almacenados en el navegador del usuario que nos permiten conocer informaci\u00f3n sobre los h\u00e1bitos y preferencias de navegaci\u00f3n as\u00ed como mejorar la experiencia de navegaci\u00f3n y nuestros servicios.<\/span><\/p>\n<p><span style=\"font-weight: 400;\">Asimismo FISCHER Abogados utiliza para su sitio web las siguientes herramientas: Google Analytics, Google Search Console &amp; Google Ads. Se incorporan a este documento por referencia los t\u00e9rminos y condiciones y pol\u00edtica de privacidad y protecci\u00f3n de datos personales de Google LLC para dichas plataformas.\u00a0\u00a0<\/span><\/p>\n<p>&nbsp;<\/p>\n<ul>\n<li style=\"font-weight: 400;\"><a href=\"https:\/\/www.google.com\/\"><span style=\"font-weight: 400;\">Google<\/span><\/a><\/li>\n<li style=\"font-weight: 400;\"><a href=\"https:\/\/www.google.com\/about\/\"><span style=\"font-weight: 400;\">About Google<\/span><\/a><\/li>\n<li style=\"font-weight: 400;\"><a href=\"https:\/\/policies.google.com\/privacy?hl=en\"><span style=\"font-weight: 400;\">Privacy<\/span><\/a><\/li>\n<li style=\"font-weight: 400;\"><a href=\"https:\/\/policies.google.com\/terms?hl=en\"><span style=\"font-weight: 400;\">Terms<\/span><\/a><\/li>\n<\/ul>\n<p>&nbsp;<\/p>\n<p><span style=\"font-weight: 400;\">El ingreso y navegaci\u00f3n por el usuario en el sitio web <\/span><a href=\"http:\/\/www.fischer.com.uy\"><span style=\"font-weight: 400;\">www.fischer.com.uy<\/span><\/a><span style=\"font-weight: 400;\"> constituye aceptaci\u00f3n de la Pol\u00edtica de Cookies. La informaci\u00f3n recabada se utilizar\u00e1 \u00fanicamente para las finalidades establecidas en este documento.<\/span><\/p>\n<p><span style=\"font-weight: 400;\">FISCHER Abogados se reserva el derecho de efectuar modificaciones totales o parciales a este documento en cuyo caso se entender\u00e1 aceptado de la misma forma que el documento original.<\/span><\/p>\n<p>&nbsp;<\/p>\n<p><strong><em>Agosto de 2019<\/em><\/strong><\/p>\n","protected":false},"excerpt":{"rendered":"<p>T\u00c9RMINOS Y CONDICIONES DEL SITIO WEB WWW.FISCHER.COM.UY, DEL BLOG BLOG.FISCHER.UY, DE LAS COMUNICACIONES ELECTR\u00d3NICAS CON FISCHER ABOGADOS, POL\u00cdTICA DE PRIVACIDAD [&hellip;]<\/p>\n","protected":false},"author":1,"featured_media":0,"parent":0,"menu_order":0,"comment_status":"closed","ping_status":"closed","template":"","meta":{"wds_primary_page_category":0,"footnotes":""},"class_list":["post-3","page","type-page","status-publish","hentry"],"_links":{"self":[{"href":"https:\/\/blog.fischer.uy\/index.php?rest_route=\/wp\/v2\/pages\/3","targetHints":{"allow":["GET"]}}],"collection":[{"href":"https:\/\/blog.fischer.uy\/index.php?rest_route=\/wp\/v2\/pages"}],"about":[{"href":"https:\/\/blog.fischer.uy\/index.php?rest_route=\/wp\/v2\/types\/page"}],"author":[{"embeddable":true,"href":"https:\/\/blog.fischer.uy\/index.php?rest_route=\/wp\/v2\/users\/1"}],"replies":[{"embeddable":true,"href":"https:\/\/blog.fischer.uy\/index.php?rest_route=%2Fwp%2Fv2%2Fcomments&post=3"}],"version-history":[{"count":2,"href":"https:\/\/blog.fischer.uy\/index.php?rest_route=\/wp\/v2\/pages\/3\/revisions"}],"predecessor-version":[{"id":79067,"href":"https:\/\/blog.fischer.uy\/index.php?rest_route=\/wp\/v2\/pages\/3\/revisions\/79067"}],"wp:attachment":[{"href":"https:\/\/blog.fischer.uy\/index.php?rest_route=%2Fwp%2Fv2%2Fmedia&parent=3"}],"curies":[{"name":"wp","href":"https:\/\/api.w.org\/{rel}","templated":true}]}}